{"id":142,"date":"2020-02-24T14:01:31","date_gmt":"2020-02-24T14:01:31","guid":{"rendered":"https:\/\/demosites.io\/lawyers-gb\/?page_id=142"},"modified":"2024-08-21T13:19:45","modified_gmt":"2024-08-21T13:19:45","slug":"a02e5-homepage","status":"publish","type":"page","link":"https:\/\/klock.at\/","title":{"rendered":"Homepage"},"content":{"rendered":"\n<div id=\"wp-block-themeisle-blocks-advanced-columns-b4c18e12\" class=\"wp-block-themeisle-blocks-advanced-columns alignfull has-1-columns has-desktop-equal-layout has-tablet-equal-layout has-mobile-equal-layout has-vertical-unset ticss-3a7383b1\"><div class=\"wp-block-themeisle-blocks-advanced-columns-overlay\"><\/div><div class=\"innerblocks-wrap\">\n<div id=\"wp-block-themeisle-blocks-advanced-column-cef12066\" class=\"wp-block-themeisle-blocks-advanced-column\">\n<h3 class=\"wp-block-heading has-text-align-center has-neve-link-hover-color-color has-text-color\" style=\"font-size:25px\">Wir sind Dienstleister und Beteiligungsentwickler<\/h3>\n\n\n\n<h2 class=\"has-text-align-center ticss-48d40e82 has-nv-site-bg-color has-text-color has-background wp-block-heading\" style=\"background-color:#00000078;text-transform:capitalize\"><strong>Unternehmensberatung<\/strong><br>Management <br>Outsourcing<br>Beteiligungen<\/h2>\n<\/div>\n<\/div><\/div>\n\n\n\n<div id=\"wp-block-themeisle-blocks-advanced-columns-0faf87d8\" class=\"wp-block-themeisle-blocks-advanced-columns has-0-columns has-desktop-equal-layout has-tablet-equal-layout has-mobile-equal-layout has-vertical-unset\"><div class=\"wp-block-themeisle-blocks-advanced-columns-overlay\"><\/div><div class=\"innerblocks-wrap\"><\/div><\/div>\n\n\n\n<div id=\"wp-block-themeisle-blocks-advanced-columns-0ab467f1\" class=\"wp-block-themeisle-blocks-advanced-columns has-1-columns has-desktop-equal-layout has-tablet-equal-layout has-mobile-equal-layout has-vertical-unset\"><div class=\"wp-block-themeisle-blocks-advanced-columns-overlay\"><\/div><div class=\"innerblocks-wrap\">\n<div id=\"wp-block-themeisle-blocks-advanced-column-bb735213\" class=\"wp-block-themeisle-blocks-advanced-column\">\n<p><\/p>\n\n\n\n<p class=\"has-text-align-center\">Wir sind ein \u00f6sterreichisches Unternehmen mit Sitz in Weiz. Wir beteiligen uns an Unternehmen um diese erfolgreich weiterzuentwickeln.<br>Selbstverst\u00e4ndlich bieten wir unsere langj\u00e4hrigen und umfassenden unternehmerischen Erfahrungen auch als Berater unabh\u00e4ngig von einer Beteiligung an.<\/p>\n<\/div>\n<\/div><\/div>\n","protected":false},"excerpt":{"rendered":"","protected":false},"author":1,"featured_media":0,"parent":0,"menu_order":0,"comment_status":"closed","ping_status":"closed","template":"page-templates\/template-pagebuilder-full-width.php","meta":{"neve_meta_sidebar":"full-width","neve_meta_container":"contained","neve_meta_enable_content_width":"on","neve_meta_content_width":100,"neve_meta_title_alignment":"","neve_meta_author_avatar":"","neve_post_elements_order":"","neve_meta_disable_header":"","neve_meta_disable_footer":"off","neve_meta_disable_title":"on","_themeisle_gutenberg_block_has_review":false,"footnotes":""},"class_list":["post-142","page","type-page","status-publish","hentry"],"_links":{"self":[{"href":"https:\/\/klock.at\/index.php?rest_route=\/wp\/v2\/pages\/142","targetHints":{"allow":["GET"]}}],"collection":[{"href":"https:\/\/klock.at\/index.php?rest_route=\/wp\/v2\/pages"}],"about":[{"href":"https:\/\/klock.at\/index.php?rest_route=\/wp\/v2\/types\/page"}],"author":[{"embeddable":true,"href":"https:\/\/klock.at\/index.php?rest_route=\/wp\/v2\/users\/1"}],"replies":[{"embeddable":true,"href":"https:\/\/klock.at\/index.php?rest_route=%2Fwp%2Fv2%2Fcomments&post=142"}],"version-history":[{"count":28,"href":"https:\/\/klock.at\/index.php?rest_route=\/wp\/v2\/pages\/142\/revisions"}],"predecessor-version":[{"id":481,"href":"https:\/\/klock.at\/index.php?rest_route=\/wp\/v2\/pages\/142\/revisions\/481"}],"wp:attachment":[{"href":"https:\/\/klock.at\/index.php?rest_route=%2Fwp%2Fv2%2Fmedia&parent=142"}],"curies":[{"name":"wp","href":"https:\/\/api.w.org\/{rel}","templated":true}]}}