{"id":3,"date":"2022-08-10T12:50:39","date_gmt":"2022-08-10T12:50:39","guid":{"rendered":"https:\/\/klock.at\/?page_id=3"},"modified":"2022-09-05T11:45:18","modified_gmt":"2022-09-05T11:45:18","slug":"privacy-policy","status":"publish","type":"page","link":"https:\/\/klock.at\/?page_id=3","title":{"rendered":"Datenschutzerkl\u00e4rung"},"content":{"rendered":"\n<h2 class=\"wp-block-heading\"><\/h2>\n\n\n\n<p>Klock Beratungs- und Beteiligungs GmbH<br>Website: https:\/\/klock.at<\/p>\n\n\n\n<h2 class=\"wp-block-heading\">1. Ihr Besuch auf unserer Website<\/h2>\n\n\n\n<p>Wir sind f\u00fcr die inhaltliche Gestaltung unserer Website verantwortlich, sowohl als Medieninhaber als auch als Herausgeber.<\/p>\n\n\n\n<p>Im Zuge Ihres Besuchs unserer Website werden wir folgende Informationen erheben:<\/p>\n\n\n\n<ul class=\"wp-block-list\"><li>Das Datum und die Uhrzeit des Aufrufs unserer Website<\/li><li>Ihre IP-Adresse<\/li><li>Name und Version Ihres Webbrowsers<\/li><\/ul>\n\n\n\n<p>Diese Daten werden zu folgenden Zwecken verarbeitet:<\/p>\n\n\n\n<ul class=\"wp-block-list\"><li>um Ihnen diese Website zur Verf\u00fcgung zu stellen<\/li><li>diese Website weiter zu verbessern und zu entwickeln<span style=\"color: var(--nv-text-color); font-family: var(--bodyfontfamily); font-size: var(--bodyfontsize); font-weight: var(--bodyfontweight); letter-spacing: var(--bodyletterspacing); text-transform: var(--bodytexttransform); background-color: var(--nv-site-bg);\"><\/span><\/li><\/ul>\n\n\n\n<p><\/p>\n\n\n\n<h2 class=\"wp-block-heading\">2. Rechtsgrundlagen der Verarbeitung<\/h2>\n\n\n\n<p>Die rechtliche Grundlage f\u00fcr die Verarbeitung Ihrer personenbezogenen Daten erfolgt aufgrund Ihres Besuchs auf unserer Website bzw. liegt sonst in unserem berechtigten Interesse gem\u00e4\u00df DSGVO, welches darin besteht, die oben unter Punkt 1 genannten Zwecke zu erreichen.<\/p>\n\n\n\n<h2 class=\"wp-block-heading\">3. Cookies<\/h2>\n\n\n\n<p>Auf dieser Website werden sogenannte Cookies verwendet. Ein Cookie ist eine Datei, die auf Ihrem Computer gespeichert werden kann, wie Sie eine Website besuchen. Grunds\u00e4tzlich werden Cookies verwendet, um Nutzern zus\u00e4tzliche Funktionen auf einer Website zu bieten. Sie k\u00f6nnen zum Beispiel verwendet werden, um Ihnen die Navigation auf der Website zu erleichtern bzw. es Ihnen zu erm\u00f6glichen eine Website dort bzw. so weiter zu verwenden, wo bzw. wie Sie sie verlassen haben und \/ oder Ihre Pr\u00e4ferenzen und Einstellungen zu speichern, wenn Sie die Website wieder besuchen. Cookies k\u00f6nnen auf keine anderen Daten auf Ihrem Computer zugreifen, diese lesen oder ver\u00e4ndern.&nbsp;<\/p>\n\n\n\n<p>Wenn Sie Cookies nicht akzeptieren m\u00f6chten, \u00e4ndern Sie bitte Ihre Browsereinstellung entsprechend. Beachten Sie, dass dadurch Funktionalit\u00e4ten der Website eingeschr\u00e4nkt werden k\u00f6nnen.<\/p>\n\n\n\n<h2 class=\"wp-block-heading\">4. \u00dcbermittlung Ihrer personenbezogenen Daten an Dritte<\/h2>\n\n\n\n<p>Wir setzen zur sicheren Verarbeitung Ihrer personenbezogenen Daten sowie auf unserer Website auch Programme und Tools von Drittanbietern ein, mit welchen Auftragsverarbeiter-Vereinbarungen abgeschlossen und damit sichergestellt haben, dass auch diese den Schutz Ihrer personenbezogenen Daten im Sinne der DSGVO gew\u00e4hrleisten. Dies betrifft folgende Anbieter:<\/p>\n\n\n\n<ul class=\"wp-block-list\"><li>easyname GmbH als Hoster unserer Website<\/li><li>Von uns eingesetzte IT-Dienstleister<\/li><\/ul>\n\n\n\n<h2 class=\"wp-block-heading\">5. Ihre Rechte im Zusammenhang mit Ihren personenbezogenen Daten<\/h2>\n\n\n\n<p>Ihnen stehen grunds\u00e4tzlich die Rechte auf Auskunft, Berichtigung, L\u00f6schung, Einschr\u00e4nkung, Daten\u00fcbertragbarkeit und Widerspruch zu. Daf\u00fcr wenden Sie sich an uns (siehe <a href=\"https:\/\/klock.at\/?page_id=399\" data-type=\"page\" data-id=\"399\">Impressum<\/a>).<\/p>\n\n\n\n<p>Wenn Sie der Meinung sind, dass die Verarbeitung Ihrer Daten gegen das Datenschutzrecht verst\u00f6\u00dft oder Ihre datenschutzrechtlichen Anspr\u00fcche sonst in einer Weise verletzt worden sind, haben Sie die M\u00f6glichkeit sich an die Datenschutzbeh\u00f6rde zu wenden.<\/p>\n\n\n\n<h2 class=\"wp-block-heading\">6. Urheberrecht<\/h2>\n\n\n\n<p>Der Inhalt dieser Homepage ist urheberrechtlich gesch\u00fctzt. Die Informationen sind nur f\u00fcr die pers\u00f6nliche Verwendung bestimmt. Jede weitergehende Nutzung &#8211; insbesondere die Speicherung in Datenbanken, die Vervielf\u00e4ltigung und jede Form von gewerblicher Nutzung sowie die Weitergabe an Dritte (auch in Teilen oder in \u00fcberarbeiteter Form) &#8211; ohne Zustimmung der Klock Beratungs- und Beteiligungs GmbH ist untersagt.<\/p>\n\n\n\n<h2 class=\"wp-block-heading\">7. Haftungsausschluss<\/h2>\n\n\n\n<p>Im Hinblick auf die technischen Eigenschaften des Internets kann keine Gew\u00e4hr f\u00fcr die Authentizit\u00e4t, Richtigkeit und Vollst\u00e4ndigkeit der im Internet zur Verf\u00fcgung gestellten Informationen \u00fcbernommen werden. Weiters wird auch keine Gew\u00e4hr f\u00fcr die Verf\u00fcgbarkeit oder den Betrieb der gegenst\u00e4ndlichen Homepage und ihrer Inhalte \u00fcbernommen.<\/p>\n\n\n\n<p>Jede Haftung f\u00fcr unmittelbare, mittelbare oder sonstige Sch\u00e4den, unabh\u00e4ngig von deren Ursachen, die aus der Benutzung oder Nichtverf\u00fcgbarkeit der Daten und Informationen dieser Homepage erwachsen, wird, soweit rechtlich zul\u00e4ssig, ausgeschlossen.<\/p>\n\n\n\n<p>Wir weisen darauf hin, dass f\u00fcr die Inhalte der Hyperlinks keine Verantwortung und keine Haftung \u00fcbernommen wird. Jede Einbindung einzelner Seiten oder sonstiger Ausz\u00fcge von www.klock.at in fremde Frames ist untersagt.<\/p>\n\n\n\n<p>Wir \u00fcberpr\u00fcfen andere Webseiten, zu denen sich direkte Zugangsm\u00f6glichkeiten (Links) auf unserer Website befinden, nicht hinsichtlich Inhalt und Gesetzm\u00e4\u00dfigkeit. Wir \u00fcbernehmen keinen Einfluss auf die Gestaltung dieser Webseiten und distanzieren uns ausdr\u00fccklich von den dort dargestellten, allenfalls ungesetzlichen Inhalten. Wir \u00fcbernehmen dar\u00fcber hinaus keine Verantwortung f\u00fcr solche Inhalte und haften&nbsp;f\u00fcr derartige Inhalte auch nicht.<\/p>\n","protected":false},"excerpt":{"rendered":"<p>Klock Beratungs- und Beteiligungs GmbHWebsite: https:\/\/klock.at 1. Ihr Besuch auf unserer Website Wir sind f\u00fcr die inhaltliche Gestaltung unserer Website verantwortlich, sowohl als Medieninhaber als auch als Herausgeber. Im Zuge Ihres Besuchs unserer Website werden wir folgende Informationen erheben: Das Datum und die Uhrzeit des Aufrufs unserer Website Ihre IP-Adresse Name und Version Ihres Webbrowsers&hellip;&nbsp;<a href=\"https:\/\/klock.at\/?page_id=3\" rel=\"bookmark\">Weiterlesen &raquo;<span class=\"screen-reader-text\">Datenschutzerkl\u00e4rung<\/span><\/a><\/p>\n","protected":false},"author":1,"featured_media":0,"parent":0,"menu_order":0,"comment_status":"closed","ping_status":"open","template":"","meta":{"neve_meta_sidebar":"","neve_meta_container":"","neve_meta_enable_content_width":"","neve_meta_content_width":0,"neve_meta_title_alignment":"","neve_meta_author_avatar":"","neve_post_elements_order":"","neve_meta_disable_header":"","neve_meta_disable_footer":"","neve_meta_disable_title":"","_themeisle_gutenberg_block_has_review":false,"footnotes":""},"class_list":["post-3","page","type-page","status-publish","hentry"],"_links":{"self":[{"href":"https:\/\/klock.at\/index.php?rest_route=\/wp\/v2\/pages\/3","targetHints":{"allow":["GET"]}}],"collection":[{"href":"https:\/\/klock.at\/index.php?rest_route=\/wp\/v2\/pages"}],"about":[{"href":"https:\/\/klock.at\/index.php?rest_route=\/wp\/v2\/types\/page"}],"author":[{"embeddable":true,"href":"https:\/\/klock.at\/index.php?rest_route=\/wp\/v2\/users\/1"}],"replies":[{"embeddable":true,"href":"https:\/\/klock.at\/index.php?rest_route=%2Fwp%2Fv2%2Fcomments&post=3"}],"version-history":[{"count":2,"href":"https:\/\/klock.at\/index.php?rest_route=\/wp\/v2\/pages\/3\/revisions"}],"predecessor-version":[{"id":447,"href":"https:\/\/klock.at\/index.php?rest_route=\/wp\/v2\/pages\/3\/revisions\/447"}],"wp:attachment":[{"href":"https:\/\/klock.at\/index.php?rest_route=%2Fwp%2Fv2%2Fmedia&parent=3"}],"curies":[{"name":"wp","href":"https:\/\/api.w.org\/{rel}","templated":true}]}}